{"id":53,"date":"2017-03-24T11:31:38","date_gmt":"2017-03-24T09:31:38","guid":{"rendered":"http:\/\/ags92.webhelp.sk\/?page_id=4"},"modified":"2026-02-16T09:44:23","modified_gmt":"2026-02-16T09:44:23","slug":"uvod","status":"publish","type":"page","link":"https:\/\/ags92.com\/cz\/","title":{"rendered":"\u00davod"},"content":{"rendered":"","protected":false},"excerpt":{"rendered":"","protected":false},"author":1,"featured_media":0,"parent":0,"menu_order":0,"comment_status":"closed","ping_status":"closed","template":"index.php","meta":[],"yoast_head":"<!-- This site is optimized with the Yoast SEO plugin v17.3 - https:\/\/yoast.com\/wordpress\/plugins\/seo\/ -->\n<title>ags 92 - \u010cesko<\/title>\n<meta name=\"description\" content=\"Jsme distributorem siln\u00fdch sv\u011btov\u00fdch zna\u010dek jako Philips Avent, Chicco, Petite&amp;Mars, Oball, Bright Starts a mnoha dal\u0161\u00edch...\" \/>\n<meta name=\"robots\" content=\"index, follow, max-snippet:-1, max-image-preview:large, max-video-preview:-1\" \/>\n<link rel=\"canonical\" href=\"https:\/\/ags92.com\/cz\/\" \/>\n<meta property=\"og:locale\" content=\"cs_CZ\" \/>\n<meta property=\"og:type\" content=\"article\" \/>\n<meta property=\"og:title\" content=\"ags 92 - \u010cesko\" \/>\n<meta property=\"og:description\" content=\"Jsme distributorem siln\u00fdch sv\u011btov\u00fdch zna\u010dek jako Philips Avent, Chicco, Petite&amp;Mars, Oball, Bright Starts a mnoha dal\u0161\u00edch...\" \/>\n<meta property=\"og:url\" content=\"https:\/\/ags92.com\/cz\/\" \/>\n<meta property=\"og:site_name\" content=\"AGS 92 - CZ\" \/>\n<meta property=\"article:modified_time\" content=\"2026-02-16T09:44:23+00:00\" \/>\n<meta name=\"twitter:card\" content=\"summary\" \/>\n<script type=\"application\/ld+json\" class=\"yoast-schema-graph\">{\"@context\":\"https:\/\/schema.org\",\"@graph\":[{\"@type\":\"WebSite\",\"@id\":\"https:\/\/ags92.com\/cz\/#website\",\"url\":\"https:\/\/ags92.com\/cz\/\",\"name\":\"AGS 92 - CZ\",\"description\":\"\",\"potentialAction\":[{\"@type\":\"SearchAction\",\"target\":{\"@type\":\"EntryPoint\",\"urlTemplate\":\"https:\/\/ags92.com\/cz\/?s={search_term_string}\"},\"query-input\":\"required name=search_term_string\"}],\"inLanguage\":\"cs\"},{\"@type\":\"WebPage\",\"@id\":\"https:\/\/ags92.com\/cz\/#webpage\",\"url\":\"https:\/\/ags92.com\/cz\/\",\"name\":\"ags 92 - \\u010cesko\",\"isPartOf\":{\"@id\":\"https:\/\/ags92.com\/cz\/#website\"},\"datePublished\":\"2017-03-24T09:31:38+00:00\",\"dateModified\":\"2026-02-16T09:44:23+00:00\",\"description\":\"Jsme distributorem siln\\u00fdch sv\\u011btov\\u00fdch zna\\u010dek jako Philips Avent, Chicco, Petite&Mars, Oball, Bright Starts a mnoha dal\\u0161\\u00edch...\",\"breadcrumb\":{\"@id\":\"https:\/\/ags92.com\/cz\/#breadcrumb\"},\"inLanguage\":\"cs\",\"potentialAction\":[{\"@type\":\"ReadAction\",\"target\":[\"https:\/\/ags92.com\/cz\/\"]}]},{\"@type\":\"BreadcrumbList\",\"@id\":\"https:\/\/ags92.com\/cz\/#breadcrumb\",\"itemListElement\":[{\"@type\":\"ListItem\",\"position\":1,\"name\":\"Home\",\"item\":\"https:\/\/ags92.com\/cz\/\"},{\"@type\":\"ListItem\",\"position\":2,\"name\":\"\\u00davod\"}]}]}<\/script>\n<!-- \/ Yoast SEO plugin. -->","yoast_head_json":{"title":"ags 92 - \u010cesko","description":"Jsme distributorem siln\u00fdch sv\u011btov\u00fdch zna\u010dek jako Philips Avent, Chicco, Petite&Mars, Oball, Bright Starts a mnoha dal\u0161\u00edch...","robots":{"index":"index","follow":"follow","max-snippet":"max-snippet:-1","max-image-preview":"max-image-preview:large","max-video-preview":"max-video-preview:-1"},"canonical":"https:\/\/ags92.com\/cz\/","og_locale":"cs_CZ","og_type":"article","og_title":"ags 92 - \u010cesko","og_description":"Jsme distributorem siln\u00fdch sv\u011btov\u00fdch zna\u010dek jako Philips Avent, Chicco, Petite&Mars, Oball, Bright Starts a mnoha dal\u0161\u00edch...","og_url":"https:\/\/ags92.com\/cz\/","og_site_name":"AGS 92 - CZ","article_modified_time":"2026-02-16T09:44:23+00:00","twitter_card":"summary","schema":{"@context":"https:\/\/schema.org","@graph":[{"@type":"WebSite","@id":"https:\/\/ags92.com\/cz\/#website","url":"https:\/\/ags92.com\/cz\/","name":"AGS 92 - CZ","description":"","potentialAction":[{"@type":"SearchAction","target":{"@type":"EntryPoint","urlTemplate":"https:\/\/ags92.com\/cz\/?s={search_term_string}"},"query-input":"required name=search_term_string"}],"inLanguage":"cs"},{"@type":"WebPage","@id":"https:\/\/ags92.com\/cz\/#webpage","url":"https:\/\/ags92.com\/cz\/","name":"ags 92 - \u010cesko","isPartOf":{"@id":"https:\/\/ags92.com\/cz\/#website"},"datePublished":"2017-03-24T09:31:38+00:00","dateModified":"2026-02-16T09:44:23+00:00","description":"Jsme distributorem siln\u00fdch sv\u011btov\u00fdch zna\u010dek jako Philips Avent, Chicco, Petite&Mars, Oball, Bright Starts a mnoha dal\u0161\u00edch...","breadcrumb":{"@id":"https:\/\/ags92.com\/cz\/#breadcrumb"},"inLanguage":"cs","potentialAction":[{"@type":"ReadAction","target":["https:\/\/ags92.com\/cz\/"]}]},{"@type":"BreadcrumbList","@id":"https:\/\/ags92.com\/cz\/#breadcrumb","itemListElement":[{"@type":"ListItem","position":1,"name":"Home","item":"https:\/\/ags92.com\/cz\/"},{"@type":"ListItem","position":2,"name":"\u00davod"}]}]}},"_links":{"self":[{"href":"https:\/\/ags92.com\/cz\/wp-json\/wp\/v2\/pages\/53"}],"collection":[{"href":"https:\/\/ags92.com\/cz\/wp-json\/wp\/v2\/pages"}],"about":[{"href":"https:\/\/ags92.com\/cz\/wp-json\/wp\/v2\/types\/page"}],"author":[{"embeddable":true,"href":"https:\/\/ags92.com\/cz\/wp-json\/wp\/v2\/users\/1"}],"replies":[{"embeddable":true,"href":"https:\/\/ags92.com\/cz\/wp-json\/wp\/v2\/comments?post=53"}],"version-history":[{"count":144,"href":"https:\/\/ags92.com\/cz\/wp-json\/wp\/v2\/pages\/53\/revisions"}],"predecessor-version":[{"id":476,"href":"https:\/\/ags92.com\/cz\/wp-json\/wp\/v2\/pages\/53\/revisions\/476"}],"wp:attachment":[{"href":"https:\/\/ags92.com\/cz\/wp-json\/wp\/v2\/media?parent=53"}],"curies":[{"name":"wp","href":"https:\/\/api.w.org\/{rel}","templated":true}]}}