{"id":53,"date":"2017-03-24T11:31:38","date_gmt":"2017-03-24T09:31:38","guid":{"rendered":"http:\/\/ags92.webhelp.sk\/?page_id=4"},"modified":"2026-02-16T09:46:01","modified_gmt":"2026-02-16T09:46:01","slug":"uvod","status":"publish","type":"page","link":"https:\/\/ags92.com\/hu\/","title":{"rendered":"\u00davod"},"content":{"rendered":"","protected":false},"excerpt":{"rendered":"","protected":false},"author":1,"featured_media":0,"parent":0,"menu_order":0,"comment_status":"closed","ping_status":"closed","template":"index.php","meta":[],"yoast_head":"<!-- This site is optimized with the Yoast SEO plugin v17.3 - https:\/\/yoast.com\/wordpress\/plugins\/seo\/ -->\n<title>AGS 92 - Magyarorsz\u00e1g<\/title>\n<meta name=\"description\" content=\"B\u00fcszk\u00e9k vagyunk arra, hogy r\u00e9szesei lehet\u00fcnk a sz\u00fcl\u0151k \u00e9let\u00e9nek legszebb pillanataiban. Minden \u00e9vben az any\u00e1k \u00e9s ap\u00e1k t\u00f6bb, mint 1,5 milli\u00f3 term\u00e9ket v\u00e1s\u00e1rolnak meg a term\u00e9keink k\u00f6z\u00fcl, saj\u00e1t illetve a bab\u00e1juk r\u00e9sz\u00e9re.\" \/>\n<meta name=\"robots\" content=\"index, follow, max-snippet:-1, max-image-preview:large, max-video-preview:-1\" \/>\n<link rel=\"canonical\" href=\"https:\/\/ags92.com\/hu\/\" \/>\n<meta property=\"og:locale\" content=\"en_US\" \/>\n<meta property=\"og:type\" content=\"article\" \/>\n<meta property=\"og:title\" content=\"AGS 92 - Magyarorsz\u00e1g\" \/>\n<meta property=\"og:description\" content=\"B\u00fcszk\u00e9k vagyunk arra, hogy r\u00e9szesei lehet\u00fcnk a sz\u00fcl\u0151k \u00e9let\u00e9nek legszebb pillanataiban. Minden \u00e9vben az any\u00e1k \u00e9s ap\u00e1k t\u00f6bb, mint 1,5 milli\u00f3 term\u00e9ket v\u00e1s\u00e1rolnak meg a term\u00e9keink k\u00f6z\u00fcl, saj\u00e1t illetve a bab\u00e1juk r\u00e9sz\u00e9re.\" \/>\n<meta property=\"og:url\" content=\"https:\/\/ags92.com\/hu\/\" \/>\n<meta property=\"og:site_name\" content=\"AGS 92 - HU\" \/>\n<meta property=\"article:modified_time\" content=\"2026-02-16T09:46:01+00:00\" \/>\n<meta name=\"twitter:card\" content=\"summary\" \/>\n<script type=\"application\/ld+json\" class=\"yoast-schema-graph\">{\"@context\":\"https:\/\/schema.org\",\"@graph\":[{\"@type\":\"WebSite\",\"@id\":\"https:\/\/ags92.com\/hu\/#website\",\"url\":\"https:\/\/ags92.com\/hu\/\",\"name\":\"AGS 92 - HU\",\"description\":\"Just another AGS 92 Sites site\",\"potentialAction\":[{\"@type\":\"SearchAction\",\"target\":{\"@type\":\"EntryPoint\",\"urlTemplate\":\"https:\/\/ags92.com\/hu\/?s={search_term_string}\"},\"query-input\":\"required name=search_term_string\"}],\"inLanguage\":\"en-US\"},{\"@type\":\"WebPage\",\"@id\":\"https:\/\/ags92.com\/hu\/#webpage\",\"url\":\"https:\/\/ags92.com\/hu\/\",\"name\":\"AGS 92 - Magyarorsz\\u00e1g\",\"isPartOf\":{\"@id\":\"https:\/\/ags92.com\/hu\/#website\"},\"datePublished\":\"2017-03-24T09:31:38+00:00\",\"dateModified\":\"2026-02-16T09:46:01+00:00\",\"description\":\"B\\u00fcszk\\u00e9k vagyunk arra, hogy r\\u00e9szesei lehet\\u00fcnk a sz\\u00fcl\\u0151k \\u00e9let\\u00e9nek legszebb pillanataiban. Minden \\u00e9vben az any\\u00e1k \\u00e9s ap\\u00e1k t\\u00f6bb, mint 1,5 milli\\u00f3 term\\u00e9ket v\\u00e1s\\u00e1rolnak meg a term\\u00e9keink k\\u00f6z\\u00fcl, saj\\u00e1t illetve a bab\\u00e1juk r\\u00e9sz\\u00e9re.\",\"breadcrumb\":{\"@id\":\"https:\/\/ags92.com\/hu\/#breadcrumb\"},\"inLanguage\":\"en-US\",\"potentialAction\":[{\"@type\":\"ReadAction\",\"target\":[\"https:\/\/ags92.com\/hu\/\"]}]},{\"@type\":\"BreadcrumbList\",\"@id\":\"https:\/\/ags92.com\/hu\/#breadcrumb\",\"itemListElement\":[{\"@type\":\"ListItem\",\"position\":1,\"name\":\"Home\",\"item\":\"https:\/\/ags92.com\/hu\/\"},{\"@type\":\"ListItem\",\"position\":2,\"name\":\"\\u00davod\"}]}]}<\/script>\n<!-- \/ Yoast SEO plugin. -->","yoast_head_json":{"title":"AGS 92 - Magyarorsz\u00e1g","description":"B\u00fcszk\u00e9k vagyunk arra, hogy r\u00e9szesei lehet\u00fcnk a sz\u00fcl\u0151k \u00e9let\u00e9nek legszebb pillanataiban. Minden \u00e9vben az any\u00e1k \u00e9s ap\u00e1k t\u00f6bb, mint 1,5 milli\u00f3 term\u00e9ket v\u00e1s\u00e1rolnak meg a term\u00e9keink k\u00f6z\u00fcl, saj\u00e1t illetve a bab\u00e1juk r\u00e9sz\u00e9re.","robots":{"index":"index","follow":"follow","max-snippet":"max-snippet:-1","max-image-preview":"max-image-preview:large","max-video-preview":"max-video-preview:-1"},"canonical":"https:\/\/ags92.com\/hu\/","og_locale":"en_US","og_type":"article","og_title":"AGS 92 - Magyarorsz\u00e1g","og_description":"B\u00fcszk\u00e9k vagyunk arra, hogy r\u00e9szesei lehet\u00fcnk a sz\u00fcl\u0151k \u00e9let\u00e9nek legszebb pillanataiban. Minden \u00e9vben az any\u00e1k \u00e9s ap\u00e1k t\u00f6bb, mint 1,5 milli\u00f3 term\u00e9ket v\u00e1s\u00e1rolnak meg a term\u00e9keink k\u00f6z\u00fcl, saj\u00e1t illetve a bab\u00e1juk r\u00e9sz\u00e9re.","og_url":"https:\/\/ags92.com\/hu\/","og_site_name":"AGS 92 - HU","article_modified_time":"2026-02-16T09:46:01+00:00","twitter_card":"summary","schema":{"@context":"https:\/\/schema.org","@graph":[{"@type":"WebSite","@id":"https:\/\/ags92.com\/hu\/#website","url":"https:\/\/ags92.com\/hu\/","name":"AGS 92 - HU","description":"Just another AGS 92 Sites site","potentialAction":[{"@type":"SearchAction","target":{"@type":"EntryPoint","urlTemplate":"https:\/\/ags92.com\/hu\/?s={search_term_string}"},"query-input":"required name=search_term_string"}],"inLanguage":"en-US"},{"@type":"WebPage","@id":"https:\/\/ags92.com\/hu\/#webpage","url":"https:\/\/ags92.com\/hu\/","name":"AGS 92 - Magyarorsz\u00e1g","isPartOf":{"@id":"https:\/\/ags92.com\/hu\/#website"},"datePublished":"2017-03-24T09:31:38+00:00","dateModified":"2026-02-16T09:46:01+00:00","description":"B\u00fcszk\u00e9k vagyunk arra, hogy r\u00e9szesei lehet\u00fcnk a sz\u00fcl\u0151k \u00e9let\u00e9nek legszebb pillanataiban. Minden \u00e9vben az any\u00e1k \u00e9s ap\u00e1k t\u00f6bb, mint 1,5 milli\u00f3 term\u00e9ket v\u00e1s\u00e1rolnak meg a term\u00e9keink k\u00f6z\u00fcl, saj\u00e1t illetve a bab\u00e1juk r\u00e9sz\u00e9re.","breadcrumb":{"@id":"https:\/\/ags92.com\/hu\/#breadcrumb"},"inLanguage":"en-US","potentialAction":[{"@type":"ReadAction","target":["https:\/\/ags92.com\/hu\/"]}]},{"@type":"BreadcrumbList","@id":"https:\/\/ags92.com\/hu\/#breadcrumb","itemListElement":[{"@type":"ListItem","position":1,"name":"Home","item":"https:\/\/ags92.com\/hu\/"},{"@type":"ListItem","position":2,"name":"\u00davod"}]}]}},"_links":{"self":[{"href":"https:\/\/ags92.com\/hu\/wp-json\/wp\/v2\/pages\/53"}],"collection":[{"href":"https:\/\/ags92.com\/hu\/wp-json\/wp\/v2\/pages"}],"about":[{"href":"https:\/\/ags92.com\/hu\/wp-json\/wp\/v2\/types\/page"}],"author":[{"embeddable":true,"href":"https:\/\/ags92.com\/hu\/wp-json\/wp\/v2\/users\/1"}],"replies":[{"embeddable":true,"href":"https:\/\/ags92.com\/hu\/wp-json\/wp\/v2\/comments?post=53"}],"version-history":[{"count":64,"href":"https:\/\/ags92.com\/hu\/wp-json\/wp\/v2\/pages\/53\/revisions"}],"predecessor-version":[{"id":297,"href":"https:\/\/ags92.com\/hu\/wp-json\/wp\/v2\/pages\/53\/revisions\/297"}],"wp:attachment":[{"href":"https:\/\/ags92.com\/hu\/wp-json\/wp\/v2\/media?parent=53"}],"curies":[{"name":"wp","href":"https:\/\/api.w.org\/{rel}","templated":true}]}}