{"id":254,"date":"2017-03-24T11:31:38","date_gmt":"2017-03-24T09:31:38","guid":{"rendered":"http:\/\/ags92.webhelp.sk\/?page_id=4"},"modified":"2026-02-16T09:46:36","modified_gmt":"2026-02-16T09:46:36","slug":"dom","status":"publish","type":"page","link":"https:\/\/ags92.com\/pl\/","title":{"rendered":"Dom"},"content":{"rendered":"<p>&nbsp;<\/p>\n<p>&nbsp;<\/p>\n","protected":false},"excerpt":{"rendered":"<p>&nbsp; &nbsp;<\/p>\n","protected":false},"author":1,"featured_media":0,"parent":0,"menu_order":0,"comment_status":"closed","ping_status":"closed","template":"index.php","meta":[],"yoast_head":"<!-- This site is optimized with the Yoast SEO plugin v17.3 - https:\/\/yoast.com\/wordpress\/plugins\/seo\/ -->\n<title>AGS 92 - Polska<\/title>\n<meta name=\"description\" content=\"Jeste\u015bmy dystrybutorem wielu g\u0142\u00f3wnych \u015bwiatowych marek, takich jak Philips Avent, Chicco, Petite&amp;Mars, Oball, Bright Starts i wiele innych ...\" \/>\n<meta name=\"robots\" content=\"index, follow, max-snippet:-1, max-image-preview:large, max-video-preview:-1\" \/>\n<link rel=\"canonical\" href=\"https:\/\/ags92.com\/pl\/\" \/>\n<meta property=\"og:locale\" content=\"en_US\" \/>\n<meta property=\"og:type\" content=\"article\" \/>\n<meta property=\"og:title\" content=\"AGS 92 - Polska\" \/>\n<meta property=\"og:description\" content=\"Jeste\u015bmy dystrybutorem wielu g\u0142\u00f3wnych \u015bwiatowych marek, takich jak Philips Avent, Chicco, Petite&amp;Mars, Oball, Bright Starts i wiele innych ...\" \/>\n<meta property=\"og:url\" content=\"https:\/\/ags92.com\/pl\/\" \/>\n<meta property=\"og:site_name\" content=\"AGS 92 - PL\" \/>\n<meta property=\"article:modified_time\" content=\"2026-02-16T09:46:36+00:00\" \/>\n<meta name=\"twitter:card\" content=\"summary\" \/>\n<script type=\"application\/ld+json\" class=\"yoast-schema-graph\">{\"@context\":\"https:\/\/schema.org\",\"@graph\":[{\"@type\":\"WebSite\",\"@id\":\"https:\/\/ags92.com\/pl\/#website\",\"url\":\"https:\/\/ags92.com\/pl\/\",\"name\":\"AGS 92 - PL\",\"description\":\"\",\"potentialAction\":[{\"@type\":\"SearchAction\",\"target\":{\"@type\":\"EntryPoint\",\"urlTemplate\":\"https:\/\/ags92.com\/pl\/?s={search_term_string}\"},\"query-input\":\"required name=search_term_string\"}],\"inLanguage\":\"en-US\"},{\"@type\":\"WebPage\",\"@id\":\"https:\/\/ags92.com\/pl\/#webpage\",\"url\":\"https:\/\/ags92.com\/pl\/\",\"name\":\"AGS 92 - Polska\",\"isPartOf\":{\"@id\":\"https:\/\/ags92.com\/pl\/#website\"},\"datePublished\":\"2017-03-24T09:31:38+00:00\",\"dateModified\":\"2026-02-16T09:46:36+00:00\",\"description\":\"Jeste\\u015bmy dystrybutorem wielu g\\u0142\\u00f3wnych \\u015bwiatowych marek, takich jak Philips Avent, Chicco, Petite&Mars, Oball, Bright Starts i wiele innych ...\",\"breadcrumb\":{\"@id\":\"https:\/\/ags92.com\/pl\/#breadcrumb\"},\"inLanguage\":\"en-US\",\"potentialAction\":[{\"@type\":\"ReadAction\",\"target\":[\"https:\/\/ags92.com\/pl\/\"]}]},{\"@type\":\"BreadcrumbList\",\"@id\":\"https:\/\/ags92.com\/pl\/#breadcrumb\",\"itemListElement\":[{\"@type\":\"ListItem\",\"position\":1,\"name\":\"Home\",\"item\":\"https:\/\/ags92.com\/pl\/\"},{\"@type\":\"ListItem\",\"position\":2,\"name\":\"Dom\"}]}]}<\/script>\n<!-- \/ Yoast SEO plugin. -->","yoast_head_json":{"title":"AGS 92 - Polska","description":"Jeste\u015bmy dystrybutorem wielu g\u0142\u00f3wnych \u015bwiatowych marek, takich jak Philips Avent, Chicco, Petite&Mars, Oball, Bright Starts i wiele innych ...","robots":{"index":"index","follow":"follow","max-snippet":"max-snippet:-1","max-image-preview":"max-image-preview:large","max-video-preview":"max-video-preview:-1"},"canonical":"https:\/\/ags92.com\/pl\/","og_locale":"en_US","og_type":"article","og_title":"AGS 92 - Polska","og_description":"Jeste\u015bmy dystrybutorem wielu g\u0142\u00f3wnych \u015bwiatowych marek, takich jak Philips Avent, Chicco, Petite&Mars, Oball, Bright Starts i wiele innych ...","og_url":"https:\/\/ags92.com\/pl\/","og_site_name":"AGS 92 - PL","article_modified_time":"2026-02-16T09:46:36+00:00","twitter_card":"summary","schema":{"@context":"https:\/\/schema.org","@graph":[{"@type":"WebSite","@id":"https:\/\/ags92.com\/pl\/#website","url":"https:\/\/ags92.com\/pl\/","name":"AGS 92 - PL","description":"","potentialAction":[{"@type":"SearchAction","target":{"@type":"EntryPoint","urlTemplate":"https:\/\/ags92.com\/pl\/?s={search_term_string}"},"query-input":"required name=search_term_string"}],"inLanguage":"en-US"},{"@type":"WebPage","@id":"https:\/\/ags92.com\/pl\/#webpage","url":"https:\/\/ags92.com\/pl\/","name":"AGS 92 - Polska","isPartOf":{"@id":"https:\/\/ags92.com\/pl\/#website"},"datePublished":"2017-03-24T09:31:38+00:00","dateModified":"2026-02-16T09:46:36+00:00","description":"Jeste\u015bmy dystrybutorem wielu g\u0142\u00f3wnych \u015bwiatowych marek, takich jak Philips Avent, Chicco, Petite&Mars, Oball, Bright Starts i wiele innych ...","breadcrumb":{"@id":"https:\/\/ags92.com\/pl\/#breadcrumb"},"inLanguage":"en-US","potentialAction":[{"@type":"ReadAction","target":["https:\/\/ags92.com\/pl\/"]}]},{"@type":"BreadcrumbList","@id":"https:\/\/ags92.com\/pl\/#breadcrumb","itemListElement":[{"@type":"ListItem","position":1,"name":"Home","item":"https:\/\/ags92.com\/pl\/"},{"@type":"ListItem","position":2,"name":"Dom"}]}]}},"_links":{"self":[{"href":"https:\/\/ags92.com\/pl\/wp-json\/wp\/v2\/pages\/254"}],"collection":[{"href":"https:\/\/ags92.com\/pl\/wp-json\/wp\/v2\/pages"}],"about":[{"href":"https:\/\/ags92.com\/pl\/wp-json\/wp\/v2\/types\/page"}],"author":[{"embeddable":true,"href":"https:\/\/ags92.com\/pl\/wp-json\/wp\/v2\/users\/1"}],"replies":[{"embeddable":true,"href":"https:\/\/ags92.com\/pl\/wp-json\/wp\/v2\/comments?post=254"}],"version-history":[{"count":41,"href":"https:\/\/ags92.com\/pl\/wp-json\/wp\/v2\/pages\/254\/revisions"}],"predecessor-version":[{"id":370,"href":"https:\/\/ags92.com\/pl\/wp-json\/wp\/v2\/pages\/254\/revisions\/370"}],"wp:attachment":[{"href":"https:\/\/ags92.com\/pl\/wp-json\/wp\/v2\/media?parent=254"}],"curies":[{"name":"wp","href":"https:\/\/api.w.org\/{rel}","templated":true}]}}