{"id":199,"date":"2018-11-09T07:30:45","date_gmt":"2018-11-09T07:30:45","guid":{"rendered":"https:\/\/ags92.com\/sk\/?page_id=199"},"modified":"2021-06-08T07:43:22","modified_gmt":"2021-06-08T07:43:22","slug":"servis","status":"publish","type":"page","link":"https:\/\/ags92.com\/sk\/servis\/","title":{"rendered":"Servis"},"content":{"rendered":"<p><strong>Vitajte na str\u00e1nke servisn\u00e9ho oddelenia spolo\u010dnosti ags 92. <\/strong><\/p>\n<p>Na\u0161im obchodn\u00fdm partnerom sa neust\u00e1le sna\u017e\u00edme prin\u00e1\u0161a\u0165 inovat\u00edvne slu\u017eby. Preto prich\u00e1dzame s novou slu\u017ebou elektronick\u00e9ho evidovania reklam\u00e1ci\u00ed, ktor\u00e1 skvalitn\u00ed a\u00a0zefekt\u00edvni ich spracovanie a n\u00e1sledn\u00e9 rie\u0161enie.<\/p>\n<p>Pre podanie reklam\u00e1cie, pros\u00edm, vypl\u0148te <a href=\"https:\/\/servis.ags92.com\/ags-form\/45\" target=\"_blank\" rel=\"noopener\"><strong>online formul\u00e1r TU.<\/strong><\/a><\/p>\n<ul>\n<li>Po vyplnen\u00ed formul\u00e1ra nezabudnite vytla\u010di\u0165 sprievodn\u00fd list a\u00a0potvrdenie pre z\u00e1kazn\u00edka. Sprievodn\u00fd list prilo\u017ete k\u00a0reklam\u00e1ci\u00ed a\u00a0odo\u0161lite na adresu servisn\u00e9ho strediska: ags 92, s.r.o., Tov\u00e1rensk\u00e1 3118, 905 01 Senica<\/li>\n<li>Pre jednoduch\u0161iu identifik\u00e1ciu ozna\u010dte krabicu v\u00fdrazn\u00fdm n\u00e1pisom <strong>REKLAM\u00c1CIA<\/strong>.<\/li>\n<li>Potvrdenie pre z\u00e1kazn\u00edka\u00a0 si vytla\u010dte 2-kr\u00e1t. Jedno odovzdajte z\u00e1kazn\u00edkovi a\u00a0druh\u00e9 m\u00f4\u017eete vyu\u017ei\u0165 pre svoju evidenciu.<\/li>\n<\/ul>\n<p>Ver\u00edme, \u017ee v\u010faka nov\u00e9mu syst\u00e9mu bude rie\u0161enie reklam\u00e1ci\u00ed jednoduch\u0161ie a r\u00fdchlej\u0161ie. V\u00a0pr\u00edpade ot\u00e1zok k\u00a0va\u0161ej reklam\u00e1ci\u00ed m\u00f4\u017eete kontaktova\u0165 na\u0161e servisn\u00e9 oddelenie. Kontakty s\u00fa uveden\u00e9 vo formul\u00e1ri a v sprievodnom liste.<\/p>\n<p><a href=\"https:\/\/servis.ags92.com\/ags-form\/45\" target=\"_blank\" rel=\"noopener\"><strong>ONLINE FORMUL\u00c1R\u00a0 &gt;&gt;&gt;<\/strong><\/a><\/p>\n","protected":false},"excerpt":{"rendered":"<p>Vitajte na str\u00e1nke servisn\u00e9ho oddelenia spolo\u010dnosti ags 92. Na\u0161im obchodn\u00fdm partnerom sa neust\u00e1le sna\u017e\u00edme prin\u00e1\u0161a\u0165 inovat\u00edvne slu\u017eby. Preto prich\u00e1dzame s novou slu\u017ebou elektronick\u00e9ho evidovania reklam\u00e1ci\u00ed, ktor\u00e1 skvalitn\u00ed a\u00a0zefekt\u00edvni ich spracovanie a n\u00e1sledn\u00e9 rie\u0161enie. Pre podanie reklam\u00e1cie, pros\u00edm, vypl\u0148te online formul\u00e1r TU. Po vyplnen\u00ed formul\u00e1ra nezabudnite vytla\u010di\u0165 sprievodn\u00fd list a\u00a0potvrdenie pre z\u00e1kazn\u00edka. Sprievodn\u00fd list prilo\u017ete k\u00a0reklam\u00e1ci\u00ed [&hellip;]<\/p>\n","protected":false},"author":1,"featured_media":0,"parent":0,"menu_order":0,"comment_status":"closed","ping_status":"closed","template":"","meta":[],"yoast_head":"<!-- This site is optimized with the Yoast SEO plugin v17.3 - https:\/\/yoast.com\/wordpress\/plugins\/seo\/ -->\n<title>Servis - AGS 92 - SK<\/title>\n<meta name=\"robots\" content=\"index, follow, max-snippet:-1, max-image-preview:large, max-video-preview:-1\" \/>\n<link rel=\"canonical\" href=\"https:\/\/ags92.com\/sk\/servis\/\" \/>\n<meta property=\"og:locale\" content=\"sk_SK\" \/>\n<meta property=\"og:type\" content=\"article\" \/>\n<meta property=\"og:title\" content=\"Servis - AGS 92 - SK\" \/>\n<meta property=\"og:description\" content=\"Vitajte na str\u00e1nke servisn\u00e9ho oddelenia spolo\u010dnosti ags 92. Na\u0161im obchodn\u00fdm partnerom sa neust\u00e1le sna\u017e\u00edme prin\u00e1\u0161a\u0165 inovat\u00edvne slu\u017eby. Preto prich\u00e1dzame s novou slu\u017ebou elektronick\u00e9ho evidovania reklam\u00e1ci\u00ed, ktor\u00e1 skvalitn\u00ed a\u00a0zefekt\u00edvni ich spracovanie a n\u00e1sledn\u00e9 rie\u0161enie. Pre podanie reklam\u00e1cie, pros\u00edm, vypl\u0148te online formul\u00e1r TU. Po vyplnen\u00ed formul\u00e1ra nezabudnite vytla\u010di\u0165 sprievodn\u00fd list a\u00a0potvrdenie pre z\u00e1kazn\u00edka. Sprievodn\u00fd list prilo\u017ete k\u00a0reklam\u00e1ci\u00ed [&hellip;]\" \/>\n<meta property=\"og:url\" content=\"https:\/\/ags92.com\/sk\/servis\/\" \/>\n<meta property=\"og:site_name\" content=\"AGS 92 - SK\" \/>\n<meta property=\"article:modified_time\" content=\"2021-06-08T07:43:22+00:00\" \/>\n<meta name=\"twitter:card\" content=\"summary\" \/>\n<meta name=\"twitter:label1\" content=\"Predpokladan\u00fd \u010das \u010d\u00edtania\" \/>\n\t<meta name=\"twitter:data1\" content=\"1 min\u00fata\" \/>\n<script type=\"application\/ld+json\" class=\"yoast-schema-graph\">{\"@context\":\"https:\/\/schema.org\",\"@graph\":[{\"@type\":\"WebSite\",\"@id\":\"https:\/\/ags92.com\/sk\/#website\",\"url\":\"https:\/\/ags92.com\/sk\/\",\"name\":\"AGS 92 - SK\",\"description\":\"\",\"potentialAction\":[{\"@type\":\"SearchAction\",\"target\":{\"@type\":\"EntryPoint\",\"urlTemplate\":\"https:\/\/ags92.com\/sk\/?s={search_term_string}\"},\"query-input\":\"required name=search_term_string\"}],\"inLanguage\":\"sk-SK\"},{\"@type\":\"WebPage\",\"@id\":\"https:\/\/ags92.com\/sk\/servis\/#webpage\",\"url\":\"https:\/\/ags92.com\/sk\/servis\/\",\"name\":\"Servis - AGS 92 - SK\",\"isPartOf\":{\"@id\":\"https:\/\/ags92.com\/sk\/#website\"},\"datePublished\":\"2018-11-09T07:30:45+00:00\",\"dateModified\":\"2021-06-08T07:43:22+00:00\",\"breadcrumb\":{\"@id\":\"https:\/\/ags92.com\/sk\/servis\/#breadcrumb\"},\"inLanguage\":\"sk-SK\",\"potentialAction\":[{\"@type\":\"ReadAction\",\"target\":[\"https:\/\/ags92.com\/sk\/servis\/\"]}]},{\"@type\":\"BreadcrumbList\",\"@id\":\"https:\/\/ags92.com\/sk\/servis\/#breadcrumb\",\"itemListElement\":[{\"@type\":\"ListItem\",\"position\":1,\"name\":\"Home\",\"item\":\"https:\/\/ags92.com\/sk\/\"},{\"@type\":\"ListItem\",\"position\":2,\"name\":\"Servis\"}]}]}<\/script>\n<!-- \/ Yoast SEO plugin. -->","yoast_head_json":{"title":"Servis - AGS 92 - SK","robots":{"index":"index","follow":"follow","max-snippet":"max-snippet:-1","max-image-preview":"max-image-preview:large","max-video-preview":"max-video-preview:-1"},"canonical":"https:\/\/ags92.com\/sk\/servis\/","og_locale":"sk_SK","og_type":"article","og_title":"Servis - AGS 92 - SK","og_description":"Vitajte na str\u00e1nke servisn\u00e9ho oddelenia spolo\u010dnosti ags 92. Na\u0161im obchodn\u00fdm partnerom sa neust\u00e1le sna\u017e\u00edme prin\u00e1\u0161a\u0165 inovat\u00edvne slu\u017eby. Preto prich\u00e1dzame s novou slu\u017ebou elektronick\u00e9ho evidovania reklam\u00e1ci\u00ed, ktor\u00e1 skvalitn\u00ed a\u00a0zefekt\u00edvni ich spracovanie a n\u00e1sledn\u00e9 rie\u0161enie. Pre podanie reklam\u00e1cie, pros\u00edm, vypl\u0148te online formul\u00e1r TU. Po vyplnen\u00ed formul\u00e1ra nezabudnite vytla\u010di\u0165 sprievodn\u00fd list a\u00a0potvrdenie pre z\u00e1kazn\u00edka. Sprievodn\u00fd list prilo\u017ete k\u00a0reklam\u00e1ci\u00ed [&hellip;]","og_url":"https:\/\/ags92.com\/sk\/servis\/","og_site_name":"AGS 92 - SK","article_modified_time":"2021-06-08T07:43:22+00:00","twitter_card":"summary","twitter_misc":{"Predpokladan\u00fd \u010das \u010d\u00edtania":"1 min\u00fata"},"schema":{"@context":"https:\/\/schema.org","@graph":[{"@type":"WebSite","@id":"https:\/\/ags92.com\/sk\/#website","url":"https:\/\/ags92.com\/sk\/","name":"AGS 92 - SK","description":"","potentialAction":[{"@type":"SearchAction","target":{"@type":"EntryPoint","urlTemplate":"https:\/\/ags92.com\/sk\/?s={search_term_string}"},"query-input":"required name=search_term_string"}],"inLanguage":"sk-SK"},{"@type":"WebPage","@id":"https:\/\/ags92.com\/sk\/servis\/#webpage","url":"https:\/\/ags92.com\/sk\/servis\/","name":"Servis - AGS 92 - SK","isPartOf":{"@id":"https:\/\/ags92.com\/sk\/#website"},"datePublished":"2018-11-09T07:30:45+00:00","dateModified":"2021-06-08T07:43:22+00:00","breadcrumb":{"@id":"https:\/\/ags92.com\/sk\/servis\/#breadcrumb"},"inLanguage":"sk-SK","potentialAction":[{"@type":"ReadAction","target":["https:\/\/ags92.com\/sk\/servis\/"]}]},{"@type":"BreadcrumbList","@id":"https:\/\/ags92.com\/sk\/servis\/#breadcrumb","itemListElement":[{"@type":"ListItem","position":1,"name":"Home","item":"https:\/\/ags92.com\/sk\/"},{"@type":"ListItem","position":2,"name":"Servis"}]}]}},"_links":{"self":[{"href":"https:\/\/ags92.com\/sk\/wp-json\/wp\/v2\/pages\/199"}],"collection":[{"href":"https:\/\/ags92.com\/sk\/wp-json\/wp\/v2\/pages"}],"about":[{"href":"https:\/\/ags92.com\/sk\/wp-json\/wp\/v2\/types\/page"}],"author":[{"embeddable":true,"href":"https:\/\/ags92.com\/sk\/wp-json\/wp\/v2\/users\/1"}],"replies":[{"embeddable":true,"href":"https:\/\/ags92.com\/sk\/wp-json\/wp\/v2\/comments?post=199"}],"version-history":[{"count":8,"href":"https:\/\/ags92.com\/sk\/wp-json\/wp\/v2\/pages\/199\/revisions"}],"predecessor-version":[{"id":324,"href":"https:\/\/ags92.com\/sk\/wp-json\/wp\/v2\/pages\/199\/revisions\/324"}],"wp:attachment":[{"href":"https:\/\/ags92.com\/sk\/wp-json\/wp\/v2\/media?parent=199"}],"curies":[{"name":"wp","href":"https:\/\/api.w.org\/{rel}","templated":true}]}}