{"id":6,"date":"2017-03-24T11:31:38","date_gmt":"2017-03-24T09:31:38","guid":{"rendered":"http:\/\/ags92.webhelp.sk\/?page_id=4"},"modified":"2026-02-16T09:45:01","modified_gmt":"2026-02-16T09:45:01","slug":"uvod","status":"publish","type":"page","link":"https:\/\/ags92.com\/sk\/","title":{"rendered":"\u00davod"},"content":{"rendered":"","protected":false},"excerpt":{"rendered":"","protected":false},"author":1,"featured_media":0,"parent":0,"menu_order":0,"comment_status":"closed","ping_status":"closed","template":"index.php","meta":[],"yoast_head":"<!-- This site is optimized with the Yoast SEO plugin v17.3 - https:\/\/yoast.com\/wordpress\/plugins\/seo\/ -->\n<title>ags 92 - Slovensko<\/title>\n<meta name=\"description\" content=\"Sme distrib\u00fatorom mnoh\u00fdch siln\u00fdch svetov\u00fdch zna\u010diek ako Philips Avent, Chicco, Petite&amp;Mars, Oball, Bright Starts a mnoho \u010fal\u0161\u00edch...\" \/>\n<meta name=\"robots\" content=\"index, follow, max-snippet:-1, max-image-preview:large, max-video-preview:-1\" \/>\n<link rel=\"canonical\" href=\"https:\/\/ags92.com\/sk\/\" \/>\n<meta property=\"og:locale\" content=\"sk_SK\" \/>\n<meta property=\"og:type\" content=\"article\" \/>\n<meta property=\"og:title\" content=\"ags 92 - Slovensko\" \/>\n<meta property=\"og:description\" content=\"Sme distrib\u00fatorom mnoh\u00fdch siln\u00fdch svetov\u00fdch zna\u010diek ako Philips Avent, Chicco, Petite&amp;Mars, Oball, Bright Starts a mnoho \u010fal\u0161\u00edch...\" \/>\n<meta property=\"og:url\" content=\"https:\/\/ags92.com\/sk\/\" \/>\n<meta property=\"og:site_name\" content=\"AGS 92 - SK\" \/>\n<meta property=\"article:modified_time\" content=\"2026-02-16T09:45:01+00:00\" \/>\n<meta name=\"twitter:card\" content=\"summary\" \/>\n<script type=\"application\/ld+json\" class=\"yoast-schema-graph\">{\"@context\":\"https:\/\/schema.org\",\"@graph\":[{\"@type\":\"WebSite\",\"@id\":\"https:\/\/ags92.com\/sk\/#website\",\"url\":\"https:\/\/ags92.com\/sk\/\",\"name\":\"AGS 92 - SK\",\"description\":\"\",\"potentialAction\":[{\"@type\":\"SearchAction\",\"target\":{\"@type\":\"EntryPoint\",\"urlTemplate\":\"https:\/\/ags92.com\/sk\/?s={search_term_string}\"},\"query-input\":\"required name=search_term_string\"}],\"inLanguage\":\"sk-SK\"},{\"@type\":\"WebPage\",\"@id\":\"https:\/\/ags92.com\/sk\/#webpage\",\"url\":\"https:\/\/ags92.com\/sk\/\",\"name\":\"ags 92 - Slovensko\",\"isPartOf\":{\"@id\":\"https:\/\/ags92.com\/sk\/#website\"},\"datePublished\":\"2017-03-24T09:31:38+00:00\",\"dateModified\":\"2026-02-16T09:45:01+00:00\",\"description\":\"Sme distrib\\u00fatorom mnoh\\u00fdch siln\\u00fdch svetov\\u00fdch zna\\u010diek ako Philips Avent, Chicco, Petite&Mars, Oball, Bright Starts a mnoho \\u010fal\\u0161\\u00edch...\",\"breadcrumb\":{\"@id\":\"https:\/\/ags92.com\/sk\/#breadcrumb\"},\"inLanguage\":\"sk-SK\",\"potentialAction\":[{\"@type\":\"ReadAction\",\"target\":[\"https:\/\/ags92.com\/sk\/\"]}]},{\"@type\":\"BreadcrumbList\",\"@id\":\"https:\/\/ags92.com\/sk\/#breadcrumb\",\"itemListElement\":[{\"@type\":\"ListItem\",\"position\":1,\"name\":\"Home\",\"item\":\"https:\/\/ags92.com\/sk\/\"},{\"@type\":\"ListItem\",\"position\":2,\"name\":\"\\u00davod\"}]}]}<\/script>\n<!-- \/ Yoast SEO plugin. -->","yoast_head_json":{"title":"ags 92 - Slovensko","description":"Sme distrib\u00fatorom mnoh\u00fdch siln\u00fdch svetov\u00fdch zna\u010diek ako Philips Avent, Chicco, Petite&Mars, Oball, Bright Starts a mnoho \u010fal\u0161\u00edch...","robots":{"index":"index","follow":"follow","max-snippet":"max-snippet:-1","max-image-preview":"max-image-preview:large","max-video-preview":"max-video-preview:-1"},"canonical":"https:\/\/ags92.com\/sk\/","og_locale":"sk_SK","og_type":"article","og_title":"ags 92 - Slovensko","og_description":"Sme distrib\u00fatorom mnoh\u00fdch siln\u00fdch svetov\u00fdch zna\u010diek ako Philips Avent, Chicco, Petite&Mars, Oball, Bright Starts a mnoho \u010fal\u0161\u00edch...","og_url":"https:\/\/ags92.com\/sk\/","og_site_name":"AGS 92 - SK","article_modified_time":"2026-02-16T09:45:01+00:00","twitter_card":"summary","schema":{"@context":"https:\/\/schema.org","@graph":[{"@type":"WebSite","@id":"https:\/\/ags92.com\/sk\/#website","url":"https:\/\/ags92.com\/sk\/","name":"AGS 92 - SK","description":"","potentialAction":[{"@type":"SearchAction","target":{"@type":"EntryPoint","urlTemplate":"https:\/\/ags92.com\/sk\/?s={search_term_string}"},"query-input":"required name=search_term_string"}],"inLanguage":"sk-SK"},{"@type":"WebPage","@id":"https:\/\/ags92.com\/sk\/#webpage","url":"https:\/\/ags92.com\/sk\/","name":"ags 92 - Slovensko","isPartOf":{"@id":"https:\/\/ags92.com\/sk\/#website"},"datePublished":"2017-03-24T09:31:38+00:00","dateModified":"2026-02-16T09:45:01+00:00","description":"Sme distrib\u00fatorom mnoh\u00fdch siln\u00fdch svetov\u00fdch zna\u010diek ako Philips Avent, Chicco, Petite&Mars, Oball, Bright Starts a mnoho \u010fal\u0161\u00edch...","breadcrumb":{"@id":"https:\/\/ags92.com\/sk\/#breadcrumb"},"inLanguage":"sk-SK","potentialAction":[{"@type":"ReadAction","target":["https:\/\/ags92.com\/sk\/"]}]},{"@type":"BreadcrumbList","@id":"https:\/\/ags92.com\/sk\/#breadcrumb","itemListElement":[{"@type":"ListItem","position":1,"name":"Home","item":"https:\/\/ags92.com\/sk\/"},{"@type":"ListItem","position":2,"name":"\u00davod"}]}]}},"_links":{"self":[{"href":"https:\/\/ags92.com\/sk\/wp-json\/wp\/v2\/pages\/6"}],"collection":[{"href":"https:\/\/ags92.com\/sk\/wp-json\/wp\/v2\/pages"}],"about":[{"href":"https:\/\/ags92.com\/sk\/wp-json\/wp\/v2\/types\/page"}],"author":[{"embeddable":true,"href":"https:\/\/ags92.com\/sk\/wp-json\/wp\/v2\/users\/1"}],"replies":[{"embeddable":true,"href":"https:\/\/ags92.com\/sk\/wp-json\/wp\/v2\/comments?post=6"}],"version-history":[{"count":115,"href":"https:\/\/ags92.com\/sk\/wp-json\/wp\/v2\/pages\/6\/revisions"}],"predecessor-version":[{"id":448,"href":"https:\/\/ags92.com\/sk\/wp-json\/wp\/v2\/pages\/6\/revisions\/448"}],"wp:attachment":[{"href":"https:\/\/ags92.com\/sk\/wp-json\/wp\/v2\/media?parent=6"}],"curies":[{"name":"wp","href":"https:\/\/api.w.org\/{rel}","templated":true}]}}